{"id":92,"date":"2022-04-11T12:21:39","date_gmt":"2022-04-11T12:21:39","guid":{"rendered":"https:\/\/nutrimer.com\/tienda\/?post_type=product&#038;p=92"},"modified":"2022-05-02T11:45:01","modified_gmt":"2022-05-02T11:45:01","slug":"taller-de-etiquetado","status":"publish","type":"product","link":"https:\/\/nutrimer.com\/tienda\/producto\/taller-de-etiquetado\/","title":{"rendered":"Taller de Etiquetado"},"content":{"rendered":"<p><b>VAS A APRENDER A:<\/b><\/p>\n<ul>\n<li>Leer todas las partes del etiquetado de alimentos de manera muy sencilla y sin necesidad de aplicaciones m\u00f3viles<\/li>\n<li>Descubrir los enga\u00f1os m\u00e1s t\u00edpicos del marketing alimentario y saber reconocerlos r\u00e1pidamente<\/li>\n<li>Diferenciar comida real de ultraprocesados<\/li>\n<li>Planificar y reorganizar la lista de la compra<\/li>\n<\/ul>\n<p><b>ESTE TALLER ES PARA TI SI:<\/b><\/p>\n<ul>\n<li>Te preocupa aprender a hacer una compra saludable<\/li>\n<li>Compras alimentos creyendo que son sanos pero son un enga\u00f1o del marketing alimentario<\/li>\n<li>Tienes muchas dudas a la hora de elegir un alimento u otro<\/li>\n<li>Te cansa el tener que ir a la compra usando una aplicaci\u00f3n m\u00f3vil<\/li>\n<li>Cuando coges un paquete no y miras la etiqueta no sabes muy bien c\u00f3mo interpretarlo<\/li>\n<\/ul>\n","protected":false},"excerpt":{"rendered":"<div>\u00bfQuieres aprender a leer etiquetas?<\/div>\n<div>\u00bfTe gustar\u00eda saber c\u00f3mo hacer una compra saludable?<\/div>\n<div>Entonces este taller es para ti!<\/div>\n<p><\/p>\n<div>\n<div><b>QU\u00c9 INCLUYE:\u00a0<\/b><\/div>\n<ul>\n<li>V\u00eddeo Taller explicativo<\/li>\n<li>Dossier te\u00f3rico<\/li>\n<li>Resoluci\u00f3n de dudas grabadas en directo<b>\u00a0<\/b><\/li>\n<\/ul>\n<div><b>DURACI\u00d3N:<\/b>\u00a01 hora<\/div>\n<\/div>\n<p><\/p>\n","protected":false},"featured_media":119,"template":"","meta":[],"product_brand":[],"product_cat":[17],"product_tag":[],"class_list":{"0":"post-92","1":"product","2":"type-product","3":"status-publish","4":"has-post-thumbnail","6":"product_cat-talleres","8":"first","9":"instock","10":"sale","11":"downloadable","12":"virtual","13":"taxable","14":"purchasable","15":"product-type-simple"},"jetpack_sharing_enabled":true,"_links":{"self":[{"href":"https:\/\/nutrimer.com\/tienda\/wp-json\/wp\/v2\/product\/92","targetHints":{"allow":["GET"]}}],"collection":[{"href":"https:\/\/nutrimer.com\/tienda\/wp-json\/wp\/v2\/product"}],"about":[{"href":"https:\/\/nutrimer.com\/tienda\/wp-json\/wp\/v2\/types\/product"}],"wp:featuredmedia":[{"embeddable":true,"href":"https:\/\/nutrimer.com\/tienda\/wp-json\/wp\/v2\/media\/119"}],"wp:attachment":[{"href":"https:\/\/nutrimer.com\/tienda\/wp-json\/wp\/v2\/media?parent=92"}],"wp:term":[{"taxonomy":"product_brand","embeddable":true,"href":"https:\/\/nutrimer.com\/tienda\/wp-json\/wp\/v2\/product_brand?post=92"},{"taxonomy":"product_cat","embeddable":true,"href":"https:\/\/nutrimer.com\/tienda\/wp-json\/wp\/v2\/product_cat?post=92"},{"taxonomy":"product_tag","embeddable":true,"href":"https:\/\/nutrimer.com\/tienda\/wp-json\/wp\/v2\/product_tag?post=92"}],"curies":[{"name":"wp","href":"https:\/\/api.w.org\/{rel}","templated":true}]}}